{"id":154,"date":"2022-12-08T09:49:14","date_gmt":"2022-12-08T09:49:14","guid":{"rendered":"https:\/\/nestbau.hu\/?page_id=154"},"modified":"2023-04-03T20:35:30","modified_gmt":"2023-04-03T20:35:30","slug":"palyazatok","status":"publish","type":"page","link":"http:\/\/nestbau.hu\/hu_hu\/palyazatok\/","title":{"rendered":"P\u00e1ly\u00e1zatok"},"content":{"rendered":"\t\t<div data-elementor-type=\"wp-page\" data-elementor-id=\"154\" class=\"elementor elementor-154\" data-elementor-post-type=\"page\">\n\t\t\t\t\t\t<section class=\"elementor-section elementor-top-section elementor-element elementor-element-42c307fd elementor-section-height-min-height elementor-section-boxed elementor-section-height-default elementor-section-items-middle\" data-id=\"42c307fd\" data-element_type=\"section\" data-e-type=\"section\" data-settings=\"{&quot;jet_parallax_layout_list&quot;:[],&quot;background_background&quot;:&quot;gradient&quot;}\">\n\t\t\t\t\t\t\t<div class=\"elementor-background-overlay\"><\/div>\n\t\t\t\t\t\t\t<div class=\"elementor-container elementor-column-gap-default\">\n\t\t\t\t\t<div class=\"elementor-column elementor-col-100 elementor-top-column elementor-element elementor-element-2e96fd9c\" data-id=\"2e96fd9c\" data-element_type=\"column\" data-e-type=\"column\">\n\t\t\t<div class=\"elementor-widget-wrap elementor-element-populated\">\n\t\t\t\t\t\t<div class=\"elementor-element elementor-element-2a1fe89 elementor-widget elementor-widget-heading\" data-id=\"2a1fe89\" data-element_type=\"widget\" data-e-type=\"widget\" data-widget_type=\"heading.default\">\n\t\t\t\t<div class=\"elementor-widget-container\">\n\t\t\t\t\t<h1 class=\"elementor-heading-title elementor-size-default\">P\u00e1ly\u00e1zat<\/h1>\t\t\t\t<\/div>\n\t\t\t\t<\/div>\n\t\t\t\t<div class=\"elementor-element elementor-element-5343f7c1 elementor-widget-divider--view-line elementor-widget elementor-widget-divider\" data-id=\"5343f7c1\" data-element_type=\"widget\" data-e-type=\"widget\" data-widget_type=\"divider.default\">\n\t\t\t\t<div class=\"elementor-widget-container\">\n\t\t\t\t\t\t\t<div class=\"elementor-divider\">\n\t\t\t<span class=\"elementor-divider-separator\">\n\t\t\t\t\t\t<\/span>\n\t\t<\/div>\n\t\t\t\t\t\t<\/div>\n\t\t\t\t<\/div>\n\t\t\t\t<div class=\"elementor-element elementor-element-f53331a elementor-widget elementor-widget-text-editor\" data-id=\"f53331a\" data-element_type=\"widget\" data-e-type=\"widget\" data-widget_type=\"text-editor.default\">\n\t\t\t\t<div class=\"elementor-widget-container\">\n\t\t\t\t\t\t\t\t\t<p>Mi l\u00e9p\u00e9st tartunk a korral, ez\u00e9rt v\u00e1llalkoz\u00e1sunkat folyamatosan fejlesztj\u00fck, g\u00e9ppark \u00e1llom\u00e1nyunkat b\u0151v\u00edtj\u00fck \u00e9s meg\u00faj\u00edtjuk, ezzel is biztos\u00edtjuk az \u00e1ltalunk garant\u00e1lt min\u0151s\u00e9get! ezen beruh\u00e1z\u00e1sok egy r\u00e9sz\u00e9t p\u00e1ly\u00e1zati forr\u00e1sokb\u00f3l fedezz\u00fck.<\/p>\t\t\t\t\t\t\t\t<\/div>\n\t\t\t\t<\/div>\n\t\t\t\t\t<\/div>\n\t\t<\/div>\n\t\t\t\t\t<\/div>\n\t\t<\/section>\n\t\t\t\t<section class=\"elementor-section elementor-top-section elementor-element elementor-element-46d700aa elementor-section-content-middle elementor-section-height-min-height elementor-section-boxed elementor-section-height-default elementor-section-items-middle\" data-id=\"46d700aa\" data-element_type=\"section\" data-e-type=\"section\" data-settings=\"{&quot;background_background&quot;:&quot;classic&quot;,&quot;jet_parallax_layout_list&quot;:[]}\">\n\t\t\t\t\t\t<div class=\"elementor-container elementor-column-gap-default\">\n\t\t\t\t\t<div class=\"elementor-column elementor-col-50 elementor-top-column elementor-element elementor-element-73f8ac30\" data-id=\"73f8ac30\" data-element_type=\"column\" data-e-type=\"column\">\n\t\t\t<div class=\"elementor-widget-wrap elementor-element-populated\">\n\t\t\t\t\t\t<div class=\"elementor-element elementor-element-5bd047f2 elementor-widget elementor-widget-heading\" data-id=\"5bd047f2\" data-element_type=\"widget\" data-e-type=\"widget\" data-widget_type=\"heading.default\">\n\t\t\t\t<div class=\"elementor-widget-container\">\n\t\t\t\t\t<h4 class=\"elementor-heading-title elementor-size-default\">A NEST-BAU Kft. technol\u00f3giai moderniz\u00e1ci\u00f3ja<\/h4>\t\t\t\t<\/div>\n\t\t\t\t<\/div>\n\t\t\t\t<div class=\"elementor-element elementor-element-3c1f79f0 elementor-widget-divider--view-line elementor-widget elementor-widget-divider\" data-id=\"3c1f79f0\" data-element_type=\"widget\" data-e-type=\"widget\" data-widget_type=\"divider.default\">\n\t\t\t\t<div class=\"elementor-widget-container\">\n\t\t\t\t\t\t\t<div class=\"elementor-divider\">\n\t\t\t<span class=\"elementor-divider-separator\">\n\t\t\t\t\t\t<\/span>\n\t\t<\/div>\n\t\t\t\t\t\t<\/div>\n\t\t\t\t<\/div>\n\t\t\t\t<div class=\"elementor-element elementor-element-40fd53ad elementor-widget elementor-widget-text-editor\" data-id=\"40fd53ad\" data-element_type=\"widget\" data-e-type=\"widget\" data-widget_type=\"text-editor.default\">\n\t\t\t\t<div class=\"elementor-widget-container\">\n\t\t\t\t\t\t\t\t\t<div><b>A projekt c\u00edme:\u00a0<\/b>A NEST-BAU Kft. technol\u00f3giai moderniz\u00e1ci\u00f3ja<\/div><div><b>A szerz\u0151d\u00f6tt t\u00e1mogat\u00e1s \u00f6sszege: <\/b>9 905 615 Ft\u00a0<\/div><div><b>A t\u00e1mogat\u00e1s m\u00e9rt\u00e9ke: <\/b>61,54%\u00a0<\/div><div><b>A projekt t\u00e9nyleges befejez\u00e9s\u00e9nek d\u00e1tuma: <\/b>2022.07.26.\u00a0<\/div><div><b>A projekt azonos\u00edt\u00f3 sz\u00e1ma:\u00a0<\/b>GINOP-1.2.9-20-2021-04588<\/div><div><b>A projekt tartalm\u00e1nak bemutat\u00e1sa:<\/b><\/div><div>A projekt megval\u00f3s\u00edt\u00e1sa sor\u00e1n beszerz\u00e9sre \u00e9s a megval\u00f3s\u00edt\u00e1s helysz\u00edn\u00e9n \u00fczembe helyez\u00e9sre ker\u00fclt egy Sunward SW L4038 t\u00edpus\u00fa cs\u00fasz\u00f3ker\u00e9k korm\u00e1nyz\u00e1s\u00fa rakod\u00f3g\u00e9p, amely seg\u00edts\u00e9g\u00e9vel a tev\u00e9kenys\u00e9gi k\u00f6r\u00fcnket \u00e9s a hat\u00e9konys\u00e1gunkat tudjuk n\u00f6velni a j\u00f6v\u0151ben. A megval\u00f3s\u00edt\u00e1s sor\u00e1n k\u00fcls\u0151 szolg\u00e1ltat\u00f3 \u00e1ltal ny\u00fajtott projektmenedzsment szolg\u00e1ltat\u00e1st is ig\u00e9nybe vett\u00fck.\u00a0<\/div><div>\u00a0<\/div>\t\t\t\t\t\t\t\t<\/div>\n\t\t\t\t<\/div>\n\t\t\t\t\t<\/div>\n\t\t<\/div>\n\t\t\t\t<div class=\"elementor-column elementor-col-50 elementor-top-column elementor-element elementor-element-6cc80bc\" data-id=\"6cc80bc\" data-element_type=\"column\" data-e-type=\"column\">\n\t\t\t<div class=\"elementor-widget-wrap elementor-element-populated\">\n\t\t\t\t\t\t<div class=\"elementor-element elementor-element-4751400f elementor-widget elementor-widget-image\" data-id=\"4751400f\" data-element_type=\"widget\" data-e-type=\"widget\" data-widget_type=\"image.default\">\n\t\t\t\t<div class=\"elementor-widget-container\">\n\t\t\t\t\t\t\t\t\t\t\t\t\t\t\t<img fetchpriority=\"high\" decoding=\"async\" width=\"331\" height=\"238\" src=\"https:\/\/nestbau.hu\/wp-content\/uploads\/2022\/12\/image.png\" class=\"attachment-large size-large wp-image-1796\" alt=\"\" \/>\t\t\t\t\t\t\t\t\t\t\t\t\t\t\t<\/div>\n\t\t\t\t<\/div>\n\t\t\t\t\t<\/div>\n\t\t<\/div>\n\t\t\t\t\t<\/div>\n\t\t<\/section>\n\t\t\t\t<section class=\"elementor-section elementor-top-section elementor-element elementor-element-0f998d2 elementor-section-boxed elementor-section-height-default elementor-section-height-default\" data-id=\"0f998d2\" data-element_type=\"section\" data-e-type=\"section\" data-settings=\"{&quot;background_background&quot;:&quot;classic&quot;,&quot;jet_parallax_layout_list&quot;:[{&quot;_id&quot;:&quot;fe23cae&quot;,&quot;jet_parallax_layout_image&quot;:{&quot;url&quot;:&quot;&quot;,&quot;id&quot;:&quot;&quot;,&quot;size&quot;:&quot;&quot;},&quot;jet_parallax_layout_image_tablet&quot;:{&quot;url&quot;:&quot;&quot;,&quot;id&quot;:&quot;&quot;,&quot;size&quot;:&quot;&quot;},&quot;jet_parallax_layout_image_mobile&quot;:{&quot;url&quot;:&quot;&quot;,&quot;id&quot;:&quot;&quot;,&quot;size&quot;:&quot;&quot;},&quot;jet_parallax_layout_speed&quot;:{&quot;unit&quot;:&quot;%&quot;,&quot;size&quot;:50,&quot;sizes&quot;:[]},&quot;jet_parallax_layout_type&quot;:&quot;scroll&quot;,&quot;jet_parallax_layout_direction&quot;:&quot;1&quot;,&quot;jet_parallax_layout_fx_direction&quot;:null,&quot;jet_parallax_layout_z_index&quot;:&quot;&quot;,&quot;jet_parallax_layout_bg_x&quot;:50,&quot;jet_parallax_layout_bg_x_tablet&quot;:&quot;&quot;,&quot;jet_parallax_layout_bg_x_mobile&quot;:&quot;&quot;,&quot;jet_parallax_layout_bg_y&quot;:50,&quot;jet_parallax_layout_bg_y_tablet&quot;:&quot;&quot;,&quot;jet_parallax_layout_bg_y_mobile&quot;:&quot;&quot;,&quot;jet_parallax_layout_bg_size&quot;:&quot;auto&quot;,&quot;jet_parallax_layout_bg_size_tablet&quot;:&quot;&quot;,&quot;jet_parallax_layout_bg_size_mobile&quot;:&quot;&quot;,&quot;jet_parallax_layout_animation_prop&quot;:&quot;transform&quot;,&quot;jet_parallax_layout_on&quot;:[&quot;desktop&quot;,&quot;tablet&quot;]}],&quot;animation_mobile&quot;:&quot;none&quot;,&quot;animation&quot;:&quot;none&quot;,&quot;animation_tablet&quot;:&quot;none&quot;}\">\n\t\t\t\t\t\t\t<div class=\"elementor-background-overlay\"><\/div>\n\t\t\t\t\t\t\t<div class=\"elementor-container elementor-column-gap-default\">\n\t\t\t\t\t<div class=\"elementor-column elementor-col-100 elementor-top-column elementor-element elementor-element-bb5caeb animated-slow\" data-id=\"bb5caeb\" data-element_type=\"column\" data-e-type=\"column\" data-settings=\"{&quot;animation&quot;:&quot;none&quot;,&quot;animation_tablet&quot;:&quot;none&quot;,&quot;background_background&quot;:&quot;classic&quot;}\">\n\t\t\t<div class=\"elementor-widget-wrap elementor-element-populated\">\n\t\t\t\t\t\t<div class=\"elementor-element elementor-element-80f07a6 elementor-widget elementor-widget-heading\" data-id=\"80f07a6\" data-element_type=\"widget\" data-e-type=\"widget\" data-widget_type=\"heading.default\">\n\t\t\t\t<div class=\"elementor-widget-container\">\n\t\t\t\t\t<h2 class=\"elementor-heading-title elementor-size-default\">\u00d6n meg\u00e1lmodja, mi elk\u00e9sz\u00edtj\u00fck!<\/h2>\t\t\t\t<\/div>\n\t\t\t\t<\/div>\n\t\t\t\t<div class=\"elementor-element elementor-element-e05cf5b elementor-widget elementor-widget-text-editor\" data-id=\"e05cf5b\" data-element_type=\"widget\" data-e-type=\"widget\" data-widget_type=\"text-editor.default\">\n\t\t\t\t<div class=\"elementor-widget-container\">\n\t\t\t\t\t\t\t\t\t<h6>L\u00e9pjen vel\u00fcnk kapcsolatba, hogy kezdet\u00e9t vehesse a k\u00f6z\u00f6s munka!<\/h6>\t\t\t\t\t\t\t\t<\/div>\n\t\t\t\t<\/div>\n\t\t\t\t<div class=\"elementor-element elementor-element-48b3f25 elementor-widget elementor-widget-text-editor\" data-id=\"48b3f25\" data-element_type=\"widget\" data-e-type=\"widget\" data-widget_type=\"text-editor.default\">\n\t\t\t\t<div class=\"elementor-widget-container\">\n\t\t\t\t\t\t\t\t\t<p>Kiz\u00e1r\u00f3lag az \u00d6n elk\u00e9pzel\u00e9s\u00e9n m\u00falik, hogy a tervez\u00e9s, illetve az \u00e9p\u00edt\u00e9si folyamat mely szakasz\u00e1t\u00f3l vesz\u00fcnk r\u00e9szt otthona megval\u00f3sul\u00e1s\u00e1ban.<\/p><p>K\u00e9rj\u00fck, adatlapunkon jel\u00f6lje meg, hogy mely szolg\u00e1ltat\u00e1sunkra van sz\u00fcks\u00e9ge, illetve hogy mely \u00e9p\u00edt\u00e9si f\u00e1zisokban van sz\u00fcks\u00e9ge seg\u00edts\u00e9g\u00fcnkre h\u00e1za megval\u00f3sul\u00e1s\u00e1hoz. Egyedi \u00f6tleteik szakszer\u0171 kivitelez\u00e9s\u00e9ben is seg\u00edt\u00fcnk, ez\u00e9rt arra k\u00e9rj\u00fck \u00f6n\u00f6ket, ig\u00e9nyeiknek megfelel\u0151en t\u00f6lts\u00e9k ki \u0171rlapunkat, ezzel is el\u0151seg\u00edtve a hat\u00e9kony k\u00f6z\u00f6s munk\u00e1t!<\/p>\t\t\t\t\t\t\t\t<\/div>\n\t\t\t\t<\/div>\n\t\t\t\t<div class=\"elementor-element elementor-element-b8a67c2 fluentform-widget-submit-button-full-width fluent-form-widget-step-header-yes fluent-form-widget-step-progressbar-yes elementor-widget elementor-widget-fluent-form-widget\" data-id=\"b8a67c2\" data-element_type=\"widget\" data-e-type=\"widget\" data-widget_type=\"fluent-form-widget.default\">\n\t\t\t\t<div class=\"elementor-widget-container\">\n\t\t\t\t\t\n            <div class=\"fluentform-widget-wrapper fluentform-widget-custom-radio-checkbox fluentform-widget-align-center\">\n\n            \n            <div class='fluentform ff-default fluentform_wrapper_4 ffs_default_wrap'><form data-form_id=\"4\" id=\"fluentform_4\" class=\"frm-fluent-form fluent_form_4 ff-el-form-top ff_form_instance_4_1 ff-form-loading ffs_default\" data-form_instance=\"ff_form_instance_4_1\" method=\"POST\" ><fieldset  style=\"border: none!important;margin: 0!important;padding: 0!important;background-color: transparent!important;box-shadow: none!important;outline: none!important; min-inline-size: 100%;\">\n                    <legend class=\"ff_screen_reader_title\" style=\"display: block; margin: 0!important;padding: 0!important;height: 0!important;text-indent: -999999px;width: 0!important;overflow:hidden;\">Kapcsolati v\u00e1laszt\u00e1sos<\/legend><input type='hidden' name='__fluent_form_embded_post_id' value='154' \/><input type=\"hidden\" id=\"_fluentform_4_fluentformnonce\" name=\"_fluentform_4_fluentformnonce\" value=\"b4dcd27a93\" \/><input type=\"hidden\" name=\"_wp_http_referer\" value=\"\/hu_hu\/wp-json\/wp\/v2\/pages\/154\" \/><div data-type=\"name-element\" data-name=\"names\" class=\" ff-field_container ff-name-field-wrapper\" ><div class='ff-t-container'><div class='ff-t-cell '><div class='ff-el-group'><div class='ff-el-input--content'><input type=\"text\" name=\"names[middle_name]\" id=\"ff_4_names_middle_name_\" class=\"ff-el-form-control\" placeholder=\"N\u00e9v:\" aria-invalid=\"false\" aria-required=true><\/div><\/div><\/div><\/div><\/div><div class='ff-el-group'><div class='ff-el-input--content'><input type=\"email\" name=\"email\" id=\"ff_4_email\" class=\"ff-el-form-control\" placeholder=\"Email \" data-name=\"email\"  aria-invalid=\"false\" aria-required=true><\/div><\/div><div class='ff-el-group'><div class='ff-el-input--content'><textarea aria-required=\"true\" aria-labelledby=\"label_ff_4_message\" name=\"message\" id=\"ff_4_message\" class=\"ff-el-form-control\" placeholder=\"\u00dczenet:\" rows=\"4\" cols=\"2\" data-name=\"message\" ><\/textarea><\/div><\/div><div class='ff-el-group'><div class=\"ff-el-input--label asterisk-right\"><label   aria-label=\"K\u00e9rj\u00fck,  jel\u00f6lje meg, hogy mely szolg\u00e1ltat\u00e1sunkra van sz\u00fcks\u00e9ge!\">K\u00e9rj\u00fck,  jel\u00f6lje meg, hogy mely szolg\u00e1ltat\u00e1sunkra van sz\u00fcks\u00e9ge!<\/label><\/div><div class='ff-el-input--content'><div class='ff-el-form-check ff-el-form-check-'><label class='ff-el-form-check-label' for='checkbox_377f2c43d91af90b34164a8c6ec261e2'><input  type=\"checkbox\" name=\"checkbox[]\" data-name=\"checkbox\" class=\"ff-el-form-check-input ff-el-form-check-checkbox\" value=\"gener\u00e1l kivitelez\u00e9s \"  id='checkbox_377f2c43d91af90b34164a8c6ec261e2' aria-label='gener\u00e1l kivitelez\u00e9s' aria-invalid='false' aria-required=false> <span>gener\u00e1l kivitelez\u00e9s <\/span><\/label><\/div><div class='ff-el-form-check ff-el-form-check-'><label class='ff-el-form-check-label' for='checkbox_b58e82d0282c337966f5fe2e3896dede'><input  type=\"checkbox\" name=\"checkbox[]\" data-name=\"checkbox\" class=\"ff-el-form-check-input ff-el-form-check-checkbox\" value=\"fel\u00faj\u00edt\u00e1s\"  id='checkbox_b58e82d0282c337966f5fe2e3896dede' aria-label='fel\u00faj\u00edt\u00e1s' aria-invalid='false' aria-required=false> <span>fel\u00faj\u00edt\u00e1s<\/span><\/label><\/div><div class='ff-el-form-check ff-el-form-check-'><label class='ff-el-form-check-label' for='checkbox_de0c3b40de36396ccbbf9c5a710b492a'><input  type=\"checkbox\" name=\"checkbox[]\" data-name=\"checkbox\" class=\"ff-el-form-check-input ff-el-form-check-checkbox\" value=\"ingatlanv\u00e1s\u00e1rl\u00e1s\"  id='checkbox_de0c3b40de36396ccbbf9c5a710b492a' aria-label='ingatlanv\u00e1s\u00e1rl\u00e1s' aria-invalid='false' aria-required=false> <span>ingatlanv\u00e1s\u00e1rl\u00e1s<\/span><\/label><\/div><\/div><\/div><div class='ff-el-group    ff-el-input--content'><div class='ff-el-form-check ff-el-tc'><label aria-label='Terms and Conditions: Az\u00a0Adatv\u00e9delmi ir\u00e1nyelveket\u00a0elolvastam \u00e9s elfogadom! Contains 1 link. Use tab navigation to review.' class='ff-el-form-check-label ff_tc_label' for=terms-n-condition_9916d2d991a7275e06909ca18b5c7113><span class='ff_tc_checkbox'><input type=\"checkbox\" name=\"terms-n-condition\" class=\"ff-el-form-check-input\" data-name=\"terms-n-condition\" id=\"terms-n-condition_9916d2d991a7275e06909ca18b5c7113\"  value='on' aria-invalid='false' aria-required=false><\/span> <div class='ff_t_c'><p>Az\u00a0<a href=\"https:\/\/nestbau.hu\/hu_hu\/adatvedelem\/\">Adatv\u00e9delmi ir\u00e1nyelveket<\/a>\u00a0elolvastam \u00e9s elfogadom!<\/p><\/div><\/label><\/div><\/div><div class='ff-el-group    ff-el-input--content'><div class='ff-el-form-check ff-el-tc'><label aria-label='A checkbox kipip\u00e1l\u00e1s\u00e1val - az Eur\u00f3pai Parlament \u00e9s a Tan\u00e1cs (EU) 2016\/679 sz\u00e1m\u00fa rendelet\u00e9nek (a tov\u00e1bbiakban: \u201eGDPR\u201d) 6. cikk (1) bekezd\u00e9s a) pontja, tov\u00e1bb\u00e1 a 7. cikk rendelkez\u00e9se alapj\u00e1n - hozz\u00e1j\u00e1rulok, hogy a Nest Bau Kft. most megadott szem\u00e9lyes adataimat a GDPR, tov\u00e1bb\u00e1 a weboldalon elhelyezett adatkezel\u00e9si t\u00e1j\u00e9koztat\u00f3j\u00e1nak felt\u00e9telei szerint kezelje. Tudom\u00e1sul veszem, hogy a GDPR 7. cikk (3) bekezd\u00e9se szerint a hozz\u00e1j\u00e1rul\u00e1somat b\u00e1rmikor visszavonhatom.' class='ff-el-form-check-label ff_tc_label' for=terms-n-condition_1_0eceee8a6ebe7c969692e1dd69a7f49d><span class='ff_tc_checkbox'><input type=\"checkbox\" name=\"terms-n-condition_1\" class=\"ff-el-form-check-input\" data-name=\"terms-n-condition_1\" id=\"terms-n-condition_1_0eceee8a6ebe7c969692e1dd69a7f49d\"  value='on' aria-invalid='false' aria-required=false><\/span> <div class='ff_t_c'>A checkbox kipip\u00e1l\u00e1s\u00e1val - az Eur\u00f3pai Parlament \u00e9s a Tan\u00e1cs (EU) 2016\/679 sz\u00e1m\u00fa rendelet\u00e9nek (a tov\u00e1bbiakban: \u201eGDPR\u201d) 6. cikk (1) bekezd\u00e9s a) pontja, tov\u00e1bb\u00e1 a 7. cikk rendelkez\u00e9se alapj\u00e1n - hozz\u00e1j\u00e1rulok, hogy a Nest Bau Kft. most megadott szem\u00e9lyes adataimat a GDPR, tov\u00e1bb\u00e1 a weboldalon elhelyezett adatkezel\u00e9si t\u00e1j\u00e9koztat\u00f3j\u00e1nak felt\u00e9telei szerint kezelje. Tudom\u00e1sul veszem, hogy a GDPR 7. cikk (3) bekezd\u00e9se szerint a hozz\u00e1j\u00e1rul\u00e1somat b\u00e1rmikor visszavonhatom.<\/div><\/label><\/div><\/div><div class='ff-el-group ' ><div class='ff-el-input--content'><div data-fluent_id='4' name='g-recaptcha-response'><div\n\t\tdata-sitekey='6LcE3-gkAAAAALEUb7xTWN-JT1RdulHk1jHtCv9f'\n\t\tid='fluentform-recaptcha-4-1'\n\t\tclass='ff-el-recaptcha g-recaptcha'\n\t\tdata-callback='fluentFormrecaptchaSuccessCallback'><\/div><\/div><\/div><\/div><div class='ff-el-group ff-text-left ff_submit_btn_wrapper'><button type=\"submit\" class=\"ff-btn ff-btn-submit ff-btn-md ff_btn_style\"  aria-label=\"K\u00fcld\u00e9s\">K\u00fcld\u00e9s<\/button><\/div><\/fieldset><\/form><div id='fluentform_4_errors' class='ff-errors-in-stack ff_form_instance_4_1 ff-form-loading_errors ff_form_instance_4_1_errors'><\/div><\/div>            <script type=\"text\/javascript\">\n                window.fluent_form_ff_form_instance_4_1 = {\"id\":\"4\",\"settings\":{\"layout\":{\"labelPlacement\":\"top\",\"helpMessagePlacement\":\"with_label\",\"errorMessagePlacement\":\"inline\",\"cssClassName\":\"\",\"asteriskPlacement\":\"asterisk-right\"},\"restrictions\":{\"denyEmptySubmission\":{\"enabled\":false}}},\"form_instance\":\"ff_form_instance_4_1\",\"form_id_selector\":\"fluentform_4\",\"rules\":{\"names[first_name]\":{\"required\":{\"value\":false,\"message\":\"This field is required\"}},\"names[middle_name]\":{\"required\":{\"value\":true,\"message\":\"K\\u00e9rem adja meg a hi\\u00e1nyz\\u00f3 adatot!\"}},\"names[last_name]\":{\"required\":{\"value\":false,\"message\":\"This field is required\"}},\"email\":{\"required\":{\"value\":true,\"message\":\"K\\u00e9rem adja meg a hi\\u00e1nyz\\u00f3 adatot!\"},\"email\":{\"value\":true,\"message\":\"Nem megfelel\\u0151 form\\u00e1tum!\"}},\"message\":{\"required\":{\"value\":true,\"message\":\"K\\u00e9rem adja meg a hi\\u00e1nyz\\u00f3 adatot!\"}},\"checkbox\":{\"required\":{\"value\":false,\"message\":\"This field is required\"}},\"terms-n-condition\":{\"required\":{\"value\":false,\"message\":\"This field is required\"}},\"terms-n-condition_1\":{\"required\":{\"value\":false,\"message\":\"This field is required\"}},\"g-recaptcha-response\":[]},\"debounce_time\":300};\n                            <\/script>\n                        <\/div>\n\n            \t\t\t\t<\/div>\n\t\t\t\t<\/div>\n\t\t\t\t\t<\/div>\n\t\t<\/div>\n\t\t\t\t\t<\/div>\n\t\t<\/section>\n\t\t\t\t<\/div>\n\t\t","protected":false},"excerpt":{"rendered":"<p>P\u00e1ly\u00e1zat Mi l\u00e9p\u00e9st tartunk a korral, ez\u00e9rt v\u00e1llalkoz\u00e1sunkat folyamatosan fejlesztj\u00fck, g\u00e9ppark \u00e1llom\u00e1nyunkat b\u0151v\u00edtj\u00fck \u00e9s meg\u00faj\u00edtjuk, ezzel is biztos\u00edtjuk az \u00e1ltalunk garant\u00e1lt min\u0151s\u00e9get! ezen beruh\u00e1z\u00e1sok egy r\u00e9sz\u00e9t p\u00e1ly\u00e1zati forr\u00e1sokb\u00f3l fedezz\u00fck. A NEST-BAU Kft. technol\u00f3giai moderniz\u00e1ci\u00f3ja A projekt c\u00edme:\u00a0A NEST-BAU Kft. technol\u00f3giai moderniz\u00e1ci\u00f3jaA szerz\u0151d\u00f6tt t\u00e1mogat\u00e1s \u00f6sszege: 9 905 615 Ft\u00a0A t\u00e1mogat\u00e1s m\u00e9rt\u00e9ke: 61,54%\u00a0A projekt t\u00e9nyleges befejez\u00e9s\u00e9nek d\u00e1tuma: [&hellip;]<\/p>\n","protected":false},"author":1,"featured_media":0,"parent":0,"menu_order":0,"comment_status":"closed","ping_status":"open","template":"","meta":{"_seopress_robots_primary_cat":"","_seopress_titles_title":"","_seopress_titles_desc":"","_seopress_robots_index":"","footnotes":""},"class_list":["post-154","page","type-page","status-publish","hentry"],"_links":{"self":[{"href":"http:\/\/nestbau.hu\/hu_hu\/wp-json\/wp\/v2\/pages\/154","targetHints":{"allow":["GET"]}}],"collection":[{"href":"http:\/\/nestbau.hu\/hu_hu\/wp-json\/wp\/v2\/pages"}],"about":[{"href":"http:\/\/nestbau.hu\/hu_hu\/wp-json\/wp\/v2\/types\/page"}],"author":[{"embeddable":true,"href":"http:\/\/nestbau.hu\/hu_hu\/wp-json\/wp\/v2\/users\/1"}],"replies":[{"embeddable":true,"href":"http:\/\/nestbau.hu\/hu_hu\/wp-json\/wp\/v2\/comments?post=154"}],"version-history":[{"count":25,"href":"http:\/\/nestbau.hu\/hu_hu\/wp-json\/wp\/v2\/pages\/154\/revisions"}],"predecessor-version":[{"id":3232,"href":"http:\/\/nestbau.hu\/hu_hu\/wp-json\/wp\/v2\/pages\/154\/revisions\/3232"}],"wp:attachment":[{"href":"http:\/\/nestbau.hu\/hu_hu\/wp-json\/wp\/v2\/media?parent=154"}],"curies":[{"name":"wp","href":"https:\/\/api.w.org\/{rel}","templated":true}]}}