{"id":1753,"date":"2023-02-01T13:30:03","date_gmt":"2023-02-01T13:30:03","guid":{"rendered":"https:\/\/nestbau.hu\/?page_id=1753"},"modified":"2023-05-31T10:55:31","modified_gmt":"2023-05-31T10:55:31","slug":"blog","status":"publish","type":"page","link":"https:\/\/nestbau.hu\/hu_hu\/blog\/","title":{"rendered":"Blog"},"content":{"rendered":"\t\t<div data-elementor-type=\"wp-page\" data-elementor-id=\"1753\" class=\"elementor elementor-1753\" data-elementor-post-type=\"page\">\n\t\t\t\t\t\t<section class=\"elementor-section elementor-top-section elementor-element elementor-element-ab565dd elementor-section-boxed elementor-section-height-default elementor-section-height-default\" data-id=\"ab565dd\" data-element_type=\"section\" data-e-type=\"section\" data-settings=\"{&quot;jet_parallax_layout_list&quot;:[],&quot;background_background&quot;:&quot;classic&quot;}\">\n\t\t\t\t\t\t<div class=\"elementor-container elementor-column-gap-default\">\n\t\t\t\t\t<div class=\"elementor-column elementor-col-100 elementor-top-column elementor-element elementor-element-8a82c68\" data-id=\"8a82c68\" data-element_type=\"column\" data-e-type=\"column\" data-settings=\"{&quot;background_background&quot;:&quot;classic&quot;}\">\n\t\t\t<div class=\"elementor-widget-wrap elementor-element-populated\">\n\t\t\t\t\t<div class=\"elementor-background-overlay\"><\/div>\n\t\t\t\t\t\t<div class=\"elementor-element elementor-element-6a29e55 elementor-widget elementor-widget-heading\" data-id=\"6a29e55\" data-element_type=\"widget\" data-e-type=\"widget\" data-widget_type=\"heading.default\">\n\t\t\t\t<div class=\"elementor-widget-container\">\n\t\t\t\t\t<h1 class=\"elementor-heading-title elementor-size-default\">BLOG<\/h1>\t\t\t\t<\/div>\n\t\t\t\t<\/div>\n\t\t\t\t<div class=\"elementor-element elementor-element-b050703 elementor-widget elementor-widget-heading\" data-id=\"b050703\" data-element_type=\"widget\" data-e-type=\"widget\" data-widget_type=\"heading.default\">\n\t\t\t\t<div class=\"elementor-widget-container\">\n\t\t\t\t\t<h6 class=\"elementor-heading-title elementor-size-default\">Szak\u00e9rt\u0151ink \u00edr\u00e1sai seg\u00edtenek a legfrissebb tud\u00e1st megszerezni.<\/h6>\t\t\t\t<\/div>\n\t\t\t\t<\/div>\n\t\t\t\t<div class=\"elementor-element elementor-element-b1beb68 uael-posts-thumbnail-ratio elementor-widget elementor-widget-uael-posts\" data-id=\"b1beb68\" data-element_type=\"widget\" data-e-type=\"widget\" data-settings=\"{&quot;feed_show_filters&quot;:&quot;yes&quot;,&quot;feed_slides_to_show_tablet&quot;:2,&quot;feed_slides_to_show_mobile&quot;:1}\" data-widget_type=\"uael-posts.feed\">\n\t\t\t\t<div class=\"elementor-widget-container\">\n\t\t\t\t\t\t\t<div class=\"uael-post__header\">\n\t\t\t\t\t<div class=\"uael-post__header-filters-wrap\">\n\t\t\t<ul class=\"uael-post__header-filters\" aria-label=\"Taxonomy Filter\">\n\t\t\t\t<li class=\"uael-post__header-filter uael-filter__current\" data-filter=\"*\">\u00d6sszes<\/li>\n\t\t\t\t\t\t\t\t<li class=\"uael-post__header-filter\" data-filter=\".epitkezes\" tabindex=\"0\">\u00c9p\u00edtkez\u00e9s<\/li>\n\t\t\t\t\t\t\t\t<li class=\"uael-post__header-filter\" data-filter=\".ingatlanertekesites\" tabindex=\"0\">Ingatlan\u00e9rt\u00e9kes\u00edt\u00e9s<\/li>\n\t\t\t\t\t\t\t\t<li class=\"uael-post__header-filter\" data-filter=\".lakopark\" tabindex=\"0\">Lak\u00f3park<\/li>\n\t\t\t\t\t\t\t\t<li class=\"uael-post__header-filter\" data-filter=\".projektek\" tabindex=\"0\">Projektek<\/li>\n\t\t\t\t\t\t\t<\/ul>\n\n\t\t\t\t\t<\/div>\n\t\t\t\t<\/div>\n\t\t<div class=\"uael-post__body\">\n\t\t\t\n\t\t\n\t\t<div class=\"uael-post-grid uael-posts\" data-query-type=\"custom\" data-structure=\"\" data-layout=\"\" data-page=\"1753\" data-skin=\"feed\" data-filter-default=\"\u00d6sszes\" data-offset-top=\"30\" >\n\n\t\t\t\t\t\t\t<div class=\"uael-post-grid__inner uael-post__columns-1 uael-post__columns-tablet-1 uael-post__columns-mobile-1 uael-post-infinite-scroll uael-post-infinite__event-click\">\n\t\t\t\n\n<div class=\"uael-post-wrapper  \u00c9p\u00edtkez\u00e9s \">\n\n\t<div class=\"uael-post__bg-wrap\">\n\t\t\n\t\t\n\t\t<div class=\"uael-post__inner-wrap \">\n\n\t\t\t\t<div class=\"uael-post__thumbnail\">\n\t\t\t\n\t\t\t<a href=\"https:\/\/nestbau.hu\/hu_hu\/epitkezes\/kornyezettudatos-epites-es-felujitas-a-generalkivitelezes-uj-dimenzioi\/\" target=\"_self\" title=\"K\u00f6rnyezettudatos \u00e9p\u00edt\u00e9s \u00e9s fel\u00faj\u00edt\u00e1s: a gener\u00e1lkivitelez\u00e9s \u00faj dimenzi\u00f3i\"><img fetchpriority=\"high\" decoding=\"async\" width=\"853\" height=\"640\" src=\"https:\/\/nestbau.hu\/wp-content\/uploads\/2023\/09\/Kornyezettudatos-epites-es-felujitas.jpg\" class=\"attachment-full size-full wp-image-3739\" alt=\"K\u00f6rnyezettudatos \u00e9p\u00edt\u00e9s \u00e9s fel\u00faj\u00edt\u00e1s:\" srcset=\"https:\/\/nestbau.hu\/wp-content\/uploads\/2023\/09\/Kornyezettudatos-epites-es-felujitas.jpg 853w, https:\/\/nestbau.hu\/wp-content\/uploads\/2023\/09\/Kornyezettudatos-epites-es-felujitas-700x525.jpg 700w, https:\/\/nestbau.hu\/wp-content\/uploads\/2023\/09\/Kornyezettudatos-epites-es-felujitas-768x576.jpg 768w, https:\/\/nestbau.hu\/wp-content\/uploads\/2023\/09\/Kornyezettudatos-epites-es-felujitas-16x12.jpg 16w\" sizes=\"(max-width: 853px) 100vw, 853px\" \/><\/a>\n\t\t\t\t\t<\/div>\n\t\t\n\t\t\t\n\t\t\t<div class=\"uael-post__content-wrap\">\n\n\t\t\t<span class=\"uael-post__terms\"><a href=\"https:\/\/nestbau.hu\/hu_hu\/category\/epitkezes\/\" class=\"uael-listing__terms-link\" id=\"uael-post-term-epitkezes\" aria-labelledby=\"uael-post-term-epitkezes\">\u00c9p\u00edtkez\u00e9s<\/a><\/span>\t\t<h5 class=\"uael-post__title\">\n\n\t\t\n\t\t\t\t\t\t<a href=\"https:\/\/nestbau.hu\/hu_hu\/epitkezes\/kornyezettudatos-epites-es-felujitas-a-generalkivitelezes-uj-dimenzioi\/\" target=\"_self\">\n\t\t\t\tK\u00f6rnyezettudatos \u00e9p\u00edt\u00e9s \u00e9s fel\u00faj\u00edt\u00e1s: a gener\u00e1lkivitelez\u00e9s \u00faj dimenzi\u00f3i\t\t\t<\/a>\n\n\t\t\t\t<\/h5>\n\t\t<div class=\"uael-post__separator\"><\/div>\n\t\t<div class=\"uael-post__excerpt\">\n\t\t\tAz al\u00e1bbiakban bemutatjuk, hogyan \u00e1llunk neki k\u00f6rnyezetbar\u00e1t \u00e9p\u00edtkez\u00e9seknek \u00e9s fel\u00faj\u00edt\u00e1soknak, mik\u00f6zben megfelel\u00fcnk \u00fcgyfeleink elv\u00e1r\u00e1sainak \u00e9s a modern technol\u00f3gi\u00e1nak.\t\t<\/div>\n\n\t\t\t\t\t<div class=\"uael-post__meta-data\">\n\t\t\t<span class=\"uael-post__terms-meta uael-post__terms-meta-tag\"> <a href=\"https:\/\/nestbau.hu\/hu_hu\/tag\/energiahatekony\/\" class=\"uael-listing__terms-link\" id=\"uael-post-term-energiahatekony\" aria-labelledby=\"uael-post-term-energiahatekony\">Energiahat\u00e9kony<\/a> <a href=\"https:\/\/nestbau.hu\/hu_hu\/tag\/fenntarthato\/\" class=\"uael-listing__terms-link\" id=\"uael-post-term-fenntarthato\" aria-labelledby=\"uael-post-term-fenntarthato\">fenntarthat\u00f3<\/a> <a href=\"https:\/\/nestbau.hu\/hu_hu\/tag\/homlokzati-hoszigeteles\/\" class=\"uael-listing__terms-link\" id=\"uael-post-term-homlokzati-hoszigeteles\" aria-labelledby=\"uael-post-term-homlokzati-hoszigeteles\">homlokzati h\u0151szigetel\u00e9s<\/a> <a href=\"https:\/\/nestbau.hu\/hu_hu\/tag\/hoszigeteles\/\" class=\"uael-listing__terms-link\" id=\"uael-post-term-hoszigeteles\" aria-labelledby=\"uael-post-term-hoszigeteles\">h\u0151szigetel\u00e9s<\/a> <a href=\"https:\/\/nestbau.hu\/hu_hu\/tag\/napelemrendszer\/\" class=\"uael-listing__terms-link\" id=\"uael-post-term-napelemrendszer\" aria-labelledby=\"uael-post-term-napelemrendszer\">napelemrendszer<\/a><\/span>\t\t<\/div>\n\t\t\t\t\t<\/div>\n\t\t\t\n\t\t<\/div>\n\t\t\n\t<\/div>\n\n<\/div>\n\n\n<div class=\"uael-post-wrapper  \u00c9p\u00edtkez\u00e9s lak\u00f3park projektek \">\n\n\t<div class=\"uael-post__bg-wrap\">\n\t\t\n\t\t\n\t\t<div class=\"uael-post__inner-wrap \">\n\n\t\t\t\t<div class=\"uael-post__thumbnail\">\n\t\t\t\n\t\t\t<a href=\"https:\/\/nestbau.hu\/hu_hu\/lakopark\/mit-tegyunk-ha-az-epitkezes-csuszik-es-kozeledik-a-tel\/\" target=\"_self\" title=\"Mit tegy\u00fcnk, ha az \u00e9p\u00edtkez\u00e9s cs\u00faszik \u00e9s k\u00f6zeledik a t\u00e9l?\"><img decoding=\"async\" width=\"853\" height=\"640\" src=\"https:\/\/nestbau.hu\/wp-content\/uploads\/2023\/08\/megbizhato-kivitelezo.jpg\" class=\"attachment-full size-full wp-image-3731\" alt=\"megb\u00edzhat\u00f3 kivitelez\u0151\" srcset=\"https:\/\/nestbau.hu\/wp-content\/uploads\/2023\/08\/megbizhato-kivitelezo.jpg 853w, https:\/\/nestbau.hu\/wp-content\/uploads\/2023\/08\/megbizhato-kivitelezo-700x525.jpg 700w, https:\/\/nestbau.hu\/wp-content\/uploads\/2023\/08\/megbizhato-kivitelezo-768x576.jpg 768w, https:\/\/nestbau.hu\/wp-content\/uploads\/2023\/08\/megbizhato-kivitelezo-16x12.jpg 16w\" sizes=\"(max-width: 853px) 100vw, 853px\" \/><\/a>\n\t\t\t\t\t<\/div>\n\t\t\n\t\t\t\n\t\t\t<div class=\"uael-post__content-wrap\">\n\n\t\t\t<span class=\"uael-post__terms\"><a href=\"https:\/\/nestbau.hu\/hu_hu\/category\/epitkezes\/\" class=\"uael-listing__terms-link\" id=\"uael-post-term-epitkezes\" aria-labelledby=\"uael-post-term-epitkezes\">\u00c9p\u00edtkez\u00e9s<\/a><\/span>\t\t<h5 class=\"uael-post__title\">\n\n\t\t\n\t\t\t\t\t\t<a href=\"https:\/\/nestbau.hu\/hu_hu\/lakopark\/mit-tegyunk-ha-az-epitkezes-csuszik-es-kozeledik-a-tel\/\" target=\"_self\">\n\t\t\t\tMit tegy\u00fcnk, ha az \u00e9p\u00edtkez\u00e9s cs\u00faszik \u00e9s k\u00f6zeledik a t\u00e9l?\t\t\t<\/a>\n\n\t\t\t\t<\/h5>\n\t\t<div class=\"uael-post__separator\"><\/div>\n\t\t<div class=\"uael-post__excerpt\">\n\t\t\tMai cikk\u00fcnkben azt j\u00e1rjuk k\u00f6r\u00fcl, mi t\u00f6rt\u00e9nik, ha az \u00e9p\u00edtkez\u00e9s-fel\u00faj\u00edt\u00e1s munk\u00e1lataiba hiba cs\u00faszik - vagy esetleg az eg\u00e9sz folyamat elh\u00faz\u00f3dni, net\u00e1n el\u00faszni l\u00e1tszik.\t\t<\/div>\n\n\t\t\t\t\t<div class=\"uael-post__meta-data\">\n\t\t\t<span class=\"uael-post__terms-meta uael-post__terms-meta-tag\"> <a href=\"https:\/\/nestbau.hu\/hu_hu\/tag\/energiahatekony\/\" class=\"uael-listing__terms-link\" id=\"uael-post-term-energiahatekony\" aria-labelledby=\"uael-post-term-energiahatekony\">Energiahat\u00e9kony<\/a> <a href=\"https:\/\/nestbau.hu\/hu_hu\/tag\/epitoanyag\/\" class=\"uael-listing__terms-link\" id=\"uael-post-term-epitoanyag\" aria-labelledby=\"uael-post-term-epitoanyag\">\u00e9p\u00edt\u0151anyag<\/a> <a href=\"https:\/\/nestbau.hu\/hu_hu\/tag\/jo-szakember\/\" class=\"uael-listing__terms-link\" id=\"uael-post-term-jo-szakember\" aria-labelledby=\"uael-post-term-jo-szakember\">j\u00f3 szakember<\/a> <a href=\"https:\/\/nestbau.hu\/hu_hu\/tag\/tel\/\" class=\"uael-listing__terms-link\" id=\"uael-post-term-tel\" aria-labelledby=\"uael-post-term-tel\">t\u00e9l<\/a> <a href=\"https:\/\/nestbau.hu\/hu_hu\/tag\/utemterv\/\" class=\"uael-listing__terms-link\" id=\"uael-post-term-utemterv\" aria-labelledby=\"uael-post-term-utemterv\">\u00fctemterv<\/a><\/span>\t\t<\/div>\n\t\t\t\t\t<\/div>\n\t\t\t\n\t\t<\/div>\n\t\t\n\t<\/div>\n\n<\/div>\n\n\n<div class=\"uael-post-wrapper  \u00c9p\u00edtkez\u00e9s ingatlan\u00e9rt\u00e9kes\u00edt\u00e9s \">\n\n\t<div class=\"uael-post__bg-wrap\">\n\t\t\n\t\t\n\t\t<div class=\"uael-post__inner-wrap \">\n\n\t\t\t\t<div class=\"uael-post__thumbnail\">\n\t\t\t\n\t\t\t<a href=\"https:\/\/nestbau.hu\/hu_hu\/ingatlanertekesites\/5-tipp-energiatakarekos-lakberendezesre-es-az-uj-trendek\/\" target=\"_self\" title=\"5 tipp energiatakar\u00e9kos lakberendez\u00e9sre \u00e9s az \u00faj trendek\"><img decoding=\"async\" width=\"853\" height=\"640\" src=\"https:\/\/nestbau.hu\/wp-content\/uploads\/2023\/08\/energiatakarekos-lakberendezes.jpg\" class=\"attachment-full size-full wp-image-3721\" alt=\"energiatakar\u00e9kos-lakberendez\u00e9s\" srcset=\"https:\/\/nestbau.hu\/wp-content\/uploads\/2023\/08\/energiatakarekos-lakberendezes.jpg 853w, https:\/\/nestbau.hu\/wp-content\/uploads\/2023\/08\/energiatakarekos-lakberendezes-700x525.jpg 700w, https:\/\/nestbau.hu\/wp-content\/uploads\/2023\/08\/energiatakarekos-lakberendezes-768x576.jpg 768w, https:\/\/nestbau.hu\/wp-content\/uploads\/2023\/08\/energiatakarekos-lakberendezes-16x12.jpg 16w\" sizes=\"(max-width: 853px) 100vw, 853px\" \/><\/a>\n\t\t\t\t\t<\/div>\n\t\t\n\t\t\t\n\t\t\t<div class=\"uael-post__content-wrap\">\n\n\t\t\t<span class=\"uael-post__terms\"><a href=\"https:\/\/nestbau.hu\/hu_hu\/category\/epitkezes\/\" class=\"uael-listing__terms-link\" id=\"uael-post-term-epitkezes\" aria-labelledby=\"uael-post-term-epitkezes\">\u00c9p\u00edtkez\u00e9s<\/a><\/span>\t\t<h5 class=\"uael-post__title\">\n\n\t\t\n\t\t\t\t\t\t<a href=\"https:\/\/nestbau.hu\/hu_hu\/ingatlanertekesites\/5-tipp-energiatakarekos-lakberendezesre-es-az-uj-trendek\/\" target=\"_self\">\n\t\t\t\t5 tipp energiatakar\u00e9kos lakberendez\u00e9sre \u00e9s az \u00faj trendek\t\t\t<\/a>\n\n\t\t\t\t<\/h5>\n\t\t<div class=\"uael-post__separator\"><\/div>\n\t\t<div class=\"uael-post__excerpt\">\n\t\t\t\u00d6sszetett cikkel jelentkez\u00fcnk. Most 5 tippet adunk arra, hogy hogyan lehet energiatakar\u00e9kos m\u00f3don berendezni egy \u00faj, ig\u00e9nyes otthont, illetve v\u00e9gigvessz\u00fck, hogy mik az \u00faj trendek ...\t\t<\/div>\n\n\t\t\t\t\t<div class=\"uael-post__meta-data\">\n\t\t\t<span class=\"uael-post__terms-meta uael-post__terms-meta-tag\"> <a href=\"https:\/\/nestbau.hu\/hu_hu\/tag\/energiahatekony\/\" class=\"uael-listing__terms-link\" id=\"uael-post-term-energiahatekony\" aria-labelledby=\"uael-post-term-energiahatekony\">Energiahat\u00e9kony<\/a> <a href=\"https:\/\/nestbau.hu\/hu_hu\/tag\/fenntarthato\/\" class=\"uael-listing__terms-link\" id=\"uael-post-term-fenntarthato\" aria-labelledby=\"uael-post-term-fenntarthato\">fenntarthat\u00f3<\/a> <a href=\"https:\/\/nestbau.hu\/hu_hu\/tag\/kornyezetbarat\/\" class=\"uael-listing__terms-link\" id=\"uael-post-term-kornyezetbarat\" aria-labelledby=\"uael-post-term-kornyezetbarat\">k\u00f6rnyezetbar\u00e1t<\/a> <a href=\"https:\/\/nestbau.hu\/hu_hu\/tag\/led\/\" class=\"uael-listing__terms-link\" id=\"uael-post-term-led\" aria-labelledby=\"uael-post-term-led\">led<\/a> <a href=\"https:\/\/nestbau.hu\/hu_hu\/tag\/napenergia\/\" class=\"uael-listing__terms-link\" id=\"uael-post-term-napenergia\" aria-labelledby=\"uael-post-term-napenergia\">Napenergia<\/a><\/span>\t\t<\/div>\n\t\t\t\t\t<\/div>\n\t\t\t\n\t\t<\/div>\n\t\t\n\t<\/div>\n\n<\/div>\n\n\n<div class=\"uael-post-wrapper  ingatlan\u00e9rt\u00e9kes\u00edt\u00e9s lak\u00f3park \">\n\n\t<div class=\"uael-post__bg-wrap\">\n\t\t\n\t\t\n\t\t<div class=\"uael-post__inner-wrap \">\n\n\t\t\t\t<div class=\"uael-post__thumbnail\">\n\t\t\t\n\t\t\t<a href=\"https:\/\/nestbau.hu\/hu_hu\/lakopark\/51-tipp-hogy-miert-ajanljuk-cserszegtomajt-es-kornyeket-csaladosoknak\/\" target=\"_self\" title=\"5+1 tipp, hogy mi\u00e9rt aj\u00e1nljuk Cserszegtomajt \u00e9s k\u00f6rny\u00e9k\u00e9t csal\u00e1dosoknak\"><img loading=\"lazy\" decoding=\"async\" width=\"853\" height=\"640\" src=\"https:\/\/nestbau.hu\/wp-content\/uploads\/2023\/08\/Cserszegtomajon-Lakopark-a-Balatonnal.jpg\" class=\"attachment-full size-full wp-image-3710\" alt=\"Cserszegtomajon Lak\u00f3park a Balatonn\u00e1l\" srcset=\"https:\/\/nestbau.hu\/wp-content\/uploads\/2023\/08\/Cserszegtomajon-Lakopark-a-Balatonnal.jpg 853w, https:\/\/nestbau.hu\/wp-content\/uploads\/2023\/08\/Cserszegtomajon-Lakopark-a-Balatonnal-700x525.jpg 700w, https:\/\/nestbau.hu\/wp-content\/uploads\/2023\/08\/Cserszegtomajon-Lakopark-a-Balatonnal-768x576.jpg 768w, https:\/\/nestbau.hu\/wp-content\/uploads\/2023\/08\/Cserszegtomajon-Lakopark-a-Balatonnal-16x12.jpg 16w\" sizes=\"(max-width: 853px) 100vw, 853px\" \/><\/a>\n\t\t\t\t\t<\/div>\n\t\t\n\t\t\t\n\t\t\t<div class=\"uael-post__content-wrap\">\n\n\t\t\t<span class=\"uael-post__terms\"><a href=\"https:\/\/nestbau.hu\/hu_hu\/category\/ingatlanertekesites\/\" class=\"uael-listing__terms-link\" id=\"uael-post-term-ingatlanertekesites\" aria-labelledby=\"uael-post-term-ingatlanertekesites\">Ingatlan\u00e9rt\u00e9kes\u00edt\u00e9s<\/a><\/span>\t\t<h5 class=\"uael-post__title\">\n\n\t\t\n\t\t\t\t\t\t<a href=\"https:\/\/nestbau.hu\/hu_hu\/lakopark\/51-tipp-hogy-miert-ajanljuk-cserszegtomajt-es-kornyeket-csaladosoknak\/\" target=\"_self\">\n\t\t\t\t5+1 tipp, hogy mi\u00e9rt aj\u00e1nljuk Cserszegtomajt \u00e9s k\u00f6rny\u00e9k\u00e9t csal\u00e1dosoknak\t\t\t<\/a>\n\n\t\t\t\t<\/h5>\n\t\t<div class=\"uael-post__separator\"><\/div>\n\t\t<div class=\"uael-post__excerpt\">\n\t\t\tAz \u00e9let a nagyv\u00e1rosokban gyakran stresszes \u00e9s t\u00fal mozgalmas, ez\u00e9rt egyre t\u00f6bb csal\u00e1d v\u00e1lasztja a vid\u00e9ki \u00e9letform\u00e1t a gyerekekkel val\u00f3 min\u0151s\u00e9gi egy\u00fctt\u00e9l\u00e9s \u00e9s fejl\u0151d\u00e9s \u00e9rdek\u00e9ben.\t\t<\/div>\n\n\t\t\t\t\t<div class=\"uael-post__meta-data\">\n\t\t\t<span class=\"uael-post__terms-meta uael-post__terms-meta-tag\"> <a href=\"https:\/\/nestbau.hu\/hu_hu\/tag\/balaton\/\" class=\"uael-listing__terms-link\" id=\"uael-post-term-balaton\" aria-labelledby=\"uael-post-term-balaton\">Balaton<\/a> <a href=\"https:\/\/nestbau.hu\/hu_hu\/tag\/bekes-kornyezet-es-biztonsag\/\" class=\"uael-listing__terms-link\" id=\"uael-post-term-bekes-kornyezet-es-biztonsag\" aria-labelledby=\"uael-post-term-bekes-kornyezet-es-biztonsag\">B\u00e9k\u00e9s k\u00f6rnyezet \u00e9s biztons\u00e1g<\/a> <a href=\"https:\/\/nestbau.hu\/hu_hu\/tag\/cserszegtomaj\/\" class=\"uael-listing__terms-link\" id=\"uael-post-term-cserszegtomaj\" aria-labelledby=\"uael-post-term-cserszegtomaj\">Cserszegtomaj<\/a> <a href=\"https:\/\/nestbau.hu\/hu_hu\/tag\/energiahatekony\/\" class=\"uael-listing__terms-link\" id=\"uael-post-term-energiahatekony\" aria-labelledby=\"uael-post-term-energiahatekony\">Energiahat\u00e9kony<\/a> <a href=\"https:\/\/nestbau.hu\/hu_hu\/tag\/ertekallosag\/\" class=\"uael-listing__terms-link\" id=\"uael-post-term-ertekallosag\" aria-labelledby=\"uael-post-term-ertekallosag\">\u00c9rt\u00e9k\u00e1ll\u00f3s\u00e1g<\/a><\/span>\t\t<\/div>\n\t\t\t\t\t<\/div>\n\t\t\t\n\t\t<\/div>\n\t\t\n\t<\/div>\n\n<\/div>\n\n\n<div class=\"uael-post-wrapper  ingatlan\u00e9rt\u00e9kes\u00edt\u00e9s lak\u00f3park \">\n\n\t<div class=\"uael-post__bg-wrap\">\n\t\t\n\t\t\n\t\t<div class=\"uael-post__inner-wrap \">\n\n\t\t\t\t<div class=\"uael-post__thumbnail\">\n\t\t\t\n\t\t\t<a href=\"https:\/\/nestbau.hu\/hu_hu\/lakopark\/5-1-tipp-hogy-miert-erdemes-videkre-koltozni\/\" target=\"_self\" title=\"5\u00a0+ 1 tipp, hogy mi\u00e9rt \u00e9rdemes vid\u00e9kre k\u00f6lt\u00f6zni\"><img loading=\"lazy\" decoding=\"async\" width=\"853\" height=\"640\" src=\"https:\/\/nestbau.hu\/wp-content\/uploads\/2023\/08\/lakoparkok-videken.jpg\" class=\"attachment-full size-full wp-image-3697\" alt=\"lak\u00f3parkok vid\u00e9ken\" srcset=\"https:\/\/nestbau.hu\/wp-content\/uploads\/2023\/08\/lakoparkok-videken.jpg 853w, https:\/\/nestbau.hu\/wp-content\/uploads\/2023\/08\/lakoparkok-videken-700x525.jpg 700w, https:\/\/nestbau.hu\/wp-content\/uploads\/2023\/08\/lakoparkok-videken-768x576.jpg 768w, https:\/\/nestbau.hu\/wp-content\/uploads\/2023\/08\/lakoparkok-videken-16x12.jpg 16w\" sizes=\"(max-width: 853px) 100vw, 853px\" \/><\/a>\n\t\t\t\t\t<\/div>\n\t\t\n\t\t\t\n\t\t\t<div class=\"uael-post__content-wrap\">\n\n\t\t\t<span class=\"uael-post__terms\"><a href=\"https:\/\/nestbau.hu\/hu_hu\/category\/ingatlanertekesites\/\" class=\"uael-listing__terms-link\" id=\"uael-post-term-ingatlanertekesites\" aria-labelledby=\"uael-post-term-ingatlanertekesites\">Ingatlan\u00e9rt\u00e9kes\u00edt\u00e9s<\/a><\/span>\t\t<h5 class=\"uael-post__title\">\n\n\t\t\n\t\t\t\t\t\t<a href=\"https:\/\/nestbau.hu\/hu_hu\/lakopark\/5-1-tipp-hogy-miert-erdemes-videkre-koltozni\/\" target=\"_self\">\n\t\t\t\t5\u00a0+ 1 tipp, hogy mi\u00e9rt \u00e9rdemes vid\u00e9kre k\u00f6lt\u00f6zni\t\t\t<\/a>\n\n\t\t\t\t<\/h5>\n\t\t<div class=\"uael-post__separator\"><\/div>\n\t\t<div class=\"uael-post__excerpt\">\n\t\t\tHogy mi\u00e9rt \u00e9lvezetes a vid\u00e9ki \u00e9let? 5 + 1 gondolatot mutatunk most arr\u00f3l, hogy mi\u00e9rt j\u00f3 Budapestr\u0151l vagy az orsz\u00e1g b\u00e1rmely nagyv\u00e1ros\u00e1b\u00f3l vid\u00e9kre k\u00f6lt\u00f6zni.\t\t<\/div>\n\n\t\t\t\t\t<div class=\"uael-post__meta-data\">\n\t\t\t<span class=\"uael-post__terms-meta uael-post__terms-meta-tag\"> <a href=\"https:\/\/nestbau.hu\/hu_hu\/tag\/balaton\/\" class=\"uael-listing__terms-link\" id=\"uael-post-term-balaton\" aria-labelledby=\"uael-post-term-balaton\">Balaton<\/a> <a href=\"https:\/\/nestbau.hu\/hu_hu\/tag\/cserszegtomaj\/\" class=\"uael-listing__terms-link\" id=\"uael-post-term-cserszegtomaj\" aria-labelledby=\"uael-post-term-cserszegtomaj\">Cserszegtomaj<\/a> <a href=\"https:\/\/nestbau.hu\/hu_hu\/tag\/energiahatekony\/\" class=\"uael-listing__terms-link\" id=\"uael-post-term-energiahatekony\" aria-labelledby=\"uael-post-term-energiahatekony\">Energiahat\u00e9kony<\/a> <a href=\"https:\/\/nestbau.hu\/hu_hu\/tag\/fenntarthato\/\" class=\"uael-listing__terms-link\" id=\"uael-post-term-fenntarthato\" aria-labelledby=\"uael-post-term-fenntarthato\">fenntarthat\u00f3<\/a> <a href=\"https:\/\/nestbau.hu\/hu_hu\/tag\/heviz\/\" class=\"uael-listing__terms-link\" id=\"uael-post-term-heviz\" aria-labelledby=\"uael-post-term-heviz\">H\u00e9v\u00edz<\/a><\/span>\t\t<\/div>\n\t\t\t\t\t<\/div>\n\t\t\t\n\t\t<\/div>\n\t\t\n\t<\/div>\n\n<\/div>\n\t\t\t\t<\/div>\n\t\t\t\t\t\t<div class=\"uael-post-inf-loader\">\n\t\t\t\t<div class=\"uael-post-loader-1\"><\/div>\n\t\t\t\t<div class=\"uael-post-loader-2\"><\/div>\n\t\t\t\t<div class=\"uael-post-loader-3\"><\/div>\n\t\t\t<\/div>\n\t\t\t\t\t\t\n\t\t<\/div>\n\n\t\t\t\t\t\t<\/div>\n\t\t<div class=\"uael-post__footer\">\n\t\t\t\t\t\t<nav class=\"uael-grid-pagination\" style=\"display:none;\" role=\"navigation\" aria-label=\"Pagination\" data-total=\"3\" data-next-page=\"2\">\n\t\t\t\t\n\t\t\t<\/nav>\n\n\t\t\t\t\t\t<div class=\"uael-post__load-more-wrap\">\n\t\t\t\t<a class=\"uael-post__load-more elementor-button\" href=\"javascript:void(0);\">\n\t\t\t\t\t<span>Tov\u00e1bbi cikkek bet\u00f6lt\u00e9se<\/span>\n\t\t\t\t<\/a>\n\t\t\t<\/div>\n\t\t\t\t\t\t<\/div>\n\t\t\t\t\t\t<\/div>\n\t\t\t\t<\/div>\n\t\t\t\t\t<\/div>\n\t\t<\/div>\n\t\t\t\t\t<\/div>\n\t\t<\/section>\n\t\t\t\t<\/div>\n\t\t","protected":false},"excerpt":{"rendered":"<p>BLOG Szak\u00e9rt\u0151ink \u00edr\u00e1sai seg\u00edtenek a legfrissebb tud\u00e1st megszerezni. \u00d6sszes \u00c9p\u00edtkez\u00e9s Ingatlan\u00e9rt\u00e9kes\u00edt\u00e9s Lak\u00f3park \u00c9p\u00edtkez\u00e9s 5 tipp, hogy mi\u00e9rt \u00e9ri meg \u00d6nnek az energetikai korszer\u0171s\u00edt\u00e9s Az energetikai korszer\u0171s\u00edt\u00e9s rendk\u00edv\u00fcl fontos a m\u00e1r meg\u00e9p\u00fclt otthonok eset\u00e9ben. Cikk\u00fcnkben 5 fontos szempontot mutatunk, hogy mi\u00e9rt \u00e9ri meg korszer\u0171s\u00edt\u00e9sbe fektetni. Energiahat\u00e9kony \u00c9rt\u00e9k\u00e1ll\u00f3s\u00e1g fenntarthat\u00f3 Jogszab\u00e1lyi el\u0151\u00edr\u00e1sok \u00e9s t\u00e1mogat\u00e1sok k\u00f6rnyezetbar\u00e1t \u00c9p\u00edtkez\u00e9s 5 tipp, [&hellip;]<\/p>\n","protected":false},"author":1,"featured_media":0,"parent":0,"menu_order":0,"comment_status":"closed","ping_status":"closed","template":"","meta":{"_seopress_robots_primary_cat":"","_seopress_titles_title":"","_seopress_titles_desc":"","_seopress_robots_index":"","footnotes":""},"class_list":["post-1753","page","type-page","status-publish","hentry"],"_links":{"self":[{"href":"https:\/\/nestbau.hu\/hu_hu\/wp-json\/wp\/v2\/pages\/1753","targetHints":{"allow":["GET"]}}],"collection":[{"href":"https:\/\/nestbau.hu\/hu_hu\/wp-json\/wp\/v2\/pages"}],"about":[{"href":"https:\/\/nestbau.hu\/hu_hu\/wp-json\/wp\/v2\/types\/page"}],"author":[{"embeddable":true,"href":"https:\/\/nestbau.hu\/hu_hu\/wp-json\/wp\/v2\/users\/1"}],"replies":[{"embeddable":true,"href":"https:\/\/nestbau.hu\/hu_hu\/wp-json\/wp\/v2\/comments?post=1753"}],"version-history":[{"count":49,"href":"https:\/\/nestbau.hu\/hu_hu\/wp-json\/wp\/v2\/pages\/1753\/revisions"}],"predecessor-version":[{"id":3569,"href":"https:\/\/nestbau.hu\/hu_hu\/wp-json\/wp\/v2\/pages\/1753\/revisions\/3569"}],"wp:attachment":[{"href":"https:\/\/nestbau.hu\/hu_hu\/wp-json\/wp\/v2\/media?parent=1753"}],"curies":[{"name":"wp","href":"https:\/\/api.w.org\/{rel}","templated":true}]}}