{"id":2116,"date":"2023-02-06T12:03:12","date_gmt":"2023-02-06T12:03:12","guid":{"rendered":"https:\/\/nestbau.hu\/?page_id=2116"},"modified":"2023-02-06T12:07:44","modified_gmt":"2023-02-06T12:07:44","slug":"1457-10","status":"publish","type":"page","link":"https:\/\/nestbau.hu\/hu_hu\/lakoparkok\/ferenci-villapark-gyenesdias\/1457-10\/","title":{"rendered":"1457\/10"},"content":{"rendered":"\t\t<div data-elementor-type=\"wp-page\" data-elementor-id=\"2116\" class=\"elementor elementor-2116\" data-elementor-post-type=\"page\">\n\t\t\t\t\t\t<section class=\"elementor-section elementor-top-section elementor-element elementor-element-10992351 elementor-section-boxed elementor-section-height-default elementor-section-height-default\" data-id=\"10992351\" data-element_type=\"section\" data-e-type=\"section\" data-settings=\"{&quot;jet_parallax_layout_list&quot;:[],&quot;background_background&quot;:&quot;classic&quot;}\">\n\t\t\t\t\t\t<div class=\"elementor-container elementor-column-gap-default\">\n\t\t\t\t\t<div class=\"elementor-column elementor-col-100 elementor-top-column elementor-element elementor-element-78d7e9b7\" data-id=\"78d7e9b7\" data-element_type=\"column\" data-e-type=\"column\" data-settings=\"{&quot;background_background&quot;:&quot;classic&quot;}\">\n\t\t\t<div class=\"elementor-widget-wrap elementor-element-populated\">\n\t\t\t\t\t\t<section class=\"elementor-section elementor-inner-section elementor-element elementor-element-3ee3ae65 elementor-section-boxed elementor-section-height-default elementor-section-height-default\" data-id=\"3ee3ae65\" data-element_type=\"section\" data-e-type=\"section\" data-settings=\"{&quot;jet_parallax_layout_list&quot;:[],&quot;background_background&quot;:&quot;classic&quot;}\">\n\t\t\t\t\t\t<div class=\"elementor-container elementor-column-gap-default\">\n\t\t\t\t\t<div class=\"elementor-column elementor-col-50 elementor-inner-column elementor-element elementor-element-751e811d\" data-id=\"751e811d\" data-element_type=\"column\" data-e-type=\"column\" data-settings=\"{&quot;background_background&quot;:&quot;classic&quot;}\">\n\t\t\t<div class=\"elementor-widget-wrap elementor-element-populated\">\n\t\t\t\t\t\t<div class=\"elementor-element elementor-element-246938d4 elementor-widget elementor-widget-heading\" data-id=\"246938d4\" data-element_type=\"widget\" data-e-type=\"widget\" data-widget_type=\"heading.default\">\n\t\t\t\t<div class=\"elementor-widget-container\">\n\t\t\t\t\t<h2 class=\"elementor-heading-title elementor-size-default\">1457\/10<\/h2>\t\t\t\t<\/div>\n\t\t\t\t<\/div>\n\t\t\t\t<div class=\"elementor-element elementor-element-50460274 elementor-widget-divider--view-line elementor-widget elementor-widget-divider\" data-id=\"50460274\" data-element_type=\"widget\" data-e-type=\"widget\" data-widget_type=\"divider.default\">\n\t\t\t\t<div class=\"elementor-widget-container\">\n\t\t\t\t\t\t\t<div class=\"elementor-divider\">\n\t\t\t<span class=\"elementor-divider-separator\">\n\t\t\t\t\t\t<\/span>\n\t\t<\/div>\n\t\t\t\t\t\t<\/div>\n\t\t\t\t<\/div>\n\t\t\t\t<div class=\"elementor-element elementor-element-5d20c62 elementor-widget elementor-widget-text-editor\" data-id=\"5d20c62\" data-element_type=\"widget\" data-e-type=\"widget\" data-widget_type=\"text-editor.default\">\n\t\t\t\t<div class=\"elementor-widget-container\">\n\t\t\t\t\t\t\t\t\tTelek ter\u00fclet: 1042 m2\n<br>H\u00e1z hasznos alapter\u00fclet 162,7 m2\n<br>Terasz: 36.8 m2\n<br>T\u00e9r burkolat: 50 m2\t\t\t\t\t\t\t\t<\/div>\n\t\t\t\t<\/div>\n\t\t\t\t<div class=\"elementor-element elementor-element-2c021782 elementor-icon-list--layout-traditional elementor-list-item-link-full_width elementor-widget elementor-widget-icon-list\" data-id=\"2c021782\" data-element_type=\"widget\" data-e-type=\"widget\" data-widget_type=\"icon-list.default\">\n\t\t\t\t<div class=\"elementor-widget-container\">\n\t\t\t\t\t\t\t<ul class=\"elementor-icon-list-items\">\n\t\t\t\t\t\t\t<li class=\"elementor-icon-list-item\">\n\t\t\t\t\t\t\t\t\t\t\t<a href=\"https:\/\/nestbau.hu\/wp-content\/uploads\/2023\/02\/E2-A-A-METSZET-3.pdf\" target=\"_blank\">\n\n\t\t\t\t\t\t\t\t\t\t\t\t<span class=\"elementor-icon-list-icon\">\n\t\t\t\t\t\t\t<i aria-hidden=\"true\" class=\"fas fa-chevron-right\"><\/i>\t\t\t\t\t\t<\/span>\n\t\t\t\t\t\t\t\t\t\t<span class=\"elementor-icon-list-text\">E1 F\u00d6LDSZINTI ALAPRAJZ<\/span>\n\t\t\t\t\t\t\t\t\t\t\t<\/a>\n\t\t\t\t\t\t\t\t\t<\/li>\n\t\t\t\t\t\t\t\t<li class=\"elementor-icon-list-item\">\n\t\t\t\t\t\t\t\t\t\t\t<a href=\"https:\/\/nestbau.hu\/wp-content\/uploads\/2023\/02\/E2-A-A-METSZET-3.pdf\" target=\"_blank\">\n\n\t\t\t\t\t\t\t\t\t\t\t\t<span class=\"elementor-icon-list-icon\">\n\t\t\t\t\t\t\t<i aria-hidden=\"true\" class=\"fas fa-chevron-right\"><\/i>\t\t\t\t\t\t<\/span>\n\t\t\t\t\t\t\t\t\t\t<span class=\"elementor-icon-list-text\">E2 A-A METSZET<\/span>\n\t\t\t\t\t\t\t\t\t\t\t<\/a>\n\t\t\t\t\t\t\t\t\t<\/li>\n\t\t\t\t\t\t\t\t<li class=\"elementor-icon-list-item\">\n\t\t\t\t\t\t\t\t\t\t\t<a href=\"https:\/\/nestbau.hu\/wp-content\/uploads\/2023\/02\/E3-B-B-METSZET-3.pdf\" target=\"_blank\">\n\n\t\t\t\t\t\t\t\t\t\t\t\t<span class=\"elementor-icon-list-icon\">\n\t\t\t\t\t\t\t<i aria-hidden=\"true\" class=\"fas fa-chevron-right\"><\/i>\t\t\t\t\t\t<\/span>\n\t\t\t\t\t\t\t\t\t\t<span class=\"elementor-icon-list-text\">E3 B-B METSZET<\/span>\n\t\t\t\t\t\t\t\t\t\t\t<\/a>\n\t\t\t\t\t\t\t\t\t<\/li>\n\t\t\t\t\t\t\t\t<li class=\"elementor-icon-list-item\">\n\t\t\t\t\t\t\t\t\t\t\t<a href=\"https:\/\/nestbau.hu\/wp-content\/uploads\/2023\/02\/E4-C-C-METSZET-3.pdf\" target=\"_blank\">\n\n\t\t\t\t\t\t\t\t\t\t\t\t<span class=\"elementor-icon-list-icon\">\n\t\t\t\t\t\t\t<i aria-hidden=\"true\" class=\"fas fa-chevron-right\"><\/i>\t\t\t\t\t\t<\/span>\n\t\t\t\t\t\t\t\t\t\t<span class=\"elementor-icon-list-text\">E4 C-C METSZET<\/span>\n\t\t\t\t\t\t\t\t\t\t\t<\/a>\n\t\t\t\t\t\t\t\t\t<\/li>\n\t\t\t\t\t\t\t\t<li class=\"elementor-icon-list-item\">\n\t\t\t\t\t\t\t\t\t\t\t<a href=\"https:\/\/nestbau.hu\/wp-content\/uploads\/2023\/02\/E5-ESZAKI-HOMLOKZAT-3.pdf\" target=\"_blank\">\n\n\t\t\t\t\t\t\t\t\t\t\t\t<span class=\"elementor-icon-list-icon\">\n\t\t\t\t\t\t\t<i aria-hidden=\"true\" class=\"fas fa-chevron-right\"><\/i>\t\t\t\t\t\t<\/span>\n\t\t\t\t\t\t\t\t\t\t<span class=\"elementor-icon-list-text\">E5 \u00c9SZAKI HOMLOKZAT<\/span>\n\t\t\t\t\t\t\t\t\t\t\t<\/a>\n\t\t\t\t\t\t\t\t\t<\/li>\n\t\t\t\t\t\t\t\t<li class=\"elementor-icon-list-item\">\n\t\t\t\t\t\t\t\t\t\t\t<a href=\"https:\/\/nestbau.hu\/wp-content\/uploads\/2023\/02\/E5-HIRDETMENYI-ESZAKI-HOMLOKZAT-3.pdf\" target=\"_blank\">\n\n\t\t\t\t\t\t\t\t\t\t\t\t<span class=\"elementor-icon-list-icon\">\n\t\t\t\t\t\t\t<i aria-hidden=\"true\" class=\"fas fa-chevron-right\"><\/i>\t\t\t\t\t\t<\/span>\n\t\t\t\t\t\t\t\t\t\t<span class=\"elementor-icon-list-text\">E5 HIRDETM\u00c9NYI \u00c9SZAKI HOMLOKZAT<\/span>\n\t\t\t\t\t\t\t\t\t\t\t<\/a>\n\t\t\t\t\t\t\t\t\t<\/li>\n\t\t\t\t\t\t\t\t<li class=\"elementor-icon-list-item\">\n\t\t\t\t\t\t\t\t\t\t\t<a href=\"https:\/\/nestbau.hu\/wp-content\/uploads\/2023\/02\/E6-HIRDETMENYI-NYUGATI-HOMLOKZAT-3.pdf\" target=\"_blank\">\n\n\t\t\t\t\t\t\t\t\t\t\t\t<span class=\"elementor-icon-list-icon\">\n\t\t\t\t\t\t\t<i aria-hidden=\"true\" class=\"fas fa-chevron-right\"><\/i>\t\t\t\t\t\t<\/span>\n\t\t\t\t\t\t\t\t\t\t<span class=\"elementor-icon-list-text\">E6 HIRDETM\u00c9NYI NYUGATI HOMLOKZAT<\/span>\n\t\t\t\t\t\t\t\t\t\t\t<\/a>\n\t\t\t\t\t\t\t\t\t<\/li>\n\t\t\t\t\t\t\t\t<li class=\"elementor-icon-list-item\">\n\t\t\t\t\t\t\t\t\t\t\t<a href=\"https:\/\/nestbau.hu\/wp-content\/uploads\/2023\/02\/E6-NYUGATI-HOMLOKZAT-3.pdf\" target=\"_blank\">\n\n\t\t\t\t\t\t\t\t\t\t\t\t<span class=\"elementor-icon-list-icon\">\n\t\t\t\t\t\t\t<i aria-hidden=\"true\" class=\"fas fa-chevron-right\"><\/i>\t\t\t\t\t\t<\/span>\n\t\t\t\t\t\t\t\t\t\t<span class=\"elementor-icon-list-text\">E6 NYUGATI HOMLOKZAT<\/span>\n\t\t\t\t\t\t\t\t\t\t\t<\/a>\n\t\t\t\t\t\t\t\t\t<\/li>\n\t\t\t\t\t\t\t\t<li class=\"elementor-icon-list-item\">\n\t\t\t\t\t\t\t\t\t\t\t<a href=\"https:\/\/nestbau.hu\/wp-content\/uploads\/2023\/02\/E7-DELI-HOMLOKZAT-3.pdf\" target=\"_blank\">\n\n\t\t\t\t\t\t\t\t\t\t\t\t<span class=\"elementor-icon-list-icon\">\n\t\t\t\t\t\t\t<i aria-hidden=\"true\" class=\"fas fa-chevron-right\"><\/i>\t\t\t\t\t\t<\/span>\n\t\t\t\t\t\t\t\t\t\t<span class=\"elementor-icon-list-text\">E7 D\u00c9LI HOMLOKZAT<\/span>\n\t\t\t\t\t\t\t\t\t\t\t<\/a>\n\t\t\t\t\t\t\t\t\t<\/li>\n\t\t\t\t\t\t\t\t<li class=\"elementor-icon-list-item\">\n\t\t\t\t\t\t\t\t\t\t\t<a href=\"https:\/\/nestbau.hu\/wp-content\/uploads\/2023\/02\/E7-HIRDETMENYI-DELI-HOMLOKZAT-3.pdf\" target=\"_blank\">\n\n\t\t\t\t\t\t\t\t\t\t\t\t<span class=\"elementor-icon-list-icon\">\n\t\t\t\t\t\t\t<i aria-hidden=\"true\" class=\"fas fa-chevron-right\"><\/i>\t\t\t\t\t\t<\/span>\n\t\t\t\t\t\t\t\t\t\t<span class=\"elementor-icon-list-text\">E7 HIRDETM\u00c9NYI D\u00c9LI HOMLOKZAT<\/span>\n\t\t\t\t\t\t\t\t\t\t\t<\/a>\n\t\t\t\t\t\t\t\t\t<\/li>\n\t\t\t\t\t\t\t\t<li class=\"elementor-icon-list-item\">\n\t\t\t\t\t\t\t\t\t\t\t<a href=\"https:\/\/nestbau.hu\/wp-content\/uploads\/2023\/02\/E8-HIRDETMENYI-KELETI-HOMLOKZAT-3.pdf\" target=\"_blank\">\n\n\t\t\t\t\t\t\t\t\t\t\t\t<span class=\"elementor-icon-list-icon\">\n\t\t\t\t\t\t\t<i aria-hidden=\"true\" class=\"fas fa-chevron-right\"><\/i>\t\t\t\t\t\t<\/span>\n\t\t\t\t\t\t\t\t\t\t<span class=\"elementor-icon-list-text\">E8 HIRDETM\u00c9NYI KELETI HOMLOKZAT<\/span>\n\t\t\t\t\t\t\t\t\t\t\t<\/a>\n\t\t\t\t\t\t\t\t\t<\/li>\n\t\t\t\t\t\t\t\t<li class=\"elementor-icon-list-item\">\n\t\t\t\t\t\t\t\t\t\t\t<a href=\"https:\/\/nestbau.hu\/wp-content\/uploads\/2023\/02\/E8-KELETI-HOMLOKZAT-3.pdf\" target=\"_blank\">\n\n\t\t\t\t\t\t\t\t\t\t\t\t<span class=\"elementor-icon-list-icon\">\n\t\t\t\t\t\t\t<i aria-hidden=\"true\" class=\"fas fa-chevron-right\"><\/i>\t\t\t\t\t\t<\/span>\n\t\t\t\t\t\t\t\t\t\t<span class=\"elementor-icon-list-text\">E8 KELETI HOMLOKZAT<\/span>\n\t\t\t\t\t\t\t\t\t\t\t<\/a>\n\t\t\t\t\t\t\t\t\t<\/li>\n\t\t\t\t\t\t\t\t<li class=\"elementor-icon-list-item\">\n\t\t\t\t\t\t\t\t\t\t\t<a href=\"https:\/\/nestbau.hu\/wp-content\/uploads\/2023\/02\/E9-EPULETMAGASSAG-SZAMITAS-3.pdf\" target=\"_blank\">\n\n\t\t\t\t\t\t\t\t\t\t\t\t<span class=\"elementor-icon-list-icon\">\n\t\t\t\t\t\t\t<i aria-hidden=\"true\" class=\"fas fa-chevron-right\"><\/i>\t\t\t\t\t\t<\/span>\n\t\t\t\t\t\t\t\t\t\t<span class=\"elementor-icon-list-text\">E9 \u00c9P\u00dcLETMAGASS\u00c1G SZ\u00c1M\u00cdT\u00c1S<\/span>\n\t\t\t\t\t\t\t\t\t\t\t<\/a>\n\t\t\t\t\t\t\t\t\t<\/li>\n\t\t\t\t\t\t\t\t<li class=\"elementor-icon-list-item\">\n\t\t\t\t\t\t\t\t\t\t\t<a href=\"https:\/\/nestbau.hu\/wp-content\/uploads\/2023\/02\/H1-HELYSZINRAJZ-3.pdf\" target=\"_blank\">\n\n\t\t\t\t\t\t\t\t\t\t\t\t<span class=\"elementor-icon-list-icon\">\n\t\t\t\t\t\t\t<i aria-hidden=\"true\" class=\"fas fa-chevron-right\"><\/i>\t\t\t\t\t\t<\/span>\n\t\t\t\t\t\t\t\t\t\t<span class=\"elementor-icon-list-text\">H1 HELYSZ\u00cdNRAJZ<\/span>\n\t\t\t\t\t\t\t\t\t\t\t<\/a>\n\t\t\t\t\t\t\t\t\t<\/li>\n\t\t\t\t\t\t\t\t<li class=\"elementor-icon-list-item\">\n\t\t\t\t\t\t\t\t\t\t\t<a href=\"https:\/\/nestbau.hu\/wp-content\/uploads\/2023\/02\/H1-HIRDETMENYI-HELYSZINRAJZ-3.pdf\" target=\"_blank\">\n\n\t\t\t\t\t\t\t\t\t\t\t\t<span class=\"elementor-icon-list-icon\">\n\t\t\t\t\t\t\t<i aria-hidden=\"true\" class=\"fas fa-chevron-right\"><\/i>\t\t\t\t\t\t<\/span>\n\t\t\t\t\t\t\t\t\t\t<span class=\"elementor-icon-list-text\">H1 HIRDETM\u00c9NYI HELYSZ\u00cdNRAJZ<\/span>\n\t\t\t\t\t\t\t\t\t\t\t<\/a>\n\t\t\t\t\t\t\t\t\t<\/li>\n\t\t\t\t\t\t<\/ul>\n\t\t\t\t\t\t<\/div>\n\t\t\t\t<\/div>\n\t\t\t\t<div class=\"elementor-element elementor-element-1060a06b elementor-widget-divider--view-line elementor-widget elementor-widget-divider\" data-id=\"1060a06b\" data-element_type=\"widget\" data-e-type=\"widget\" data-widget_type=\"divider.default\">\n\t\t\t\t<div class=\"elementor-widget-container\">\n\t\t\t\t\t\t\t<div class=\"elementor-divider\">\n\t\t\t<span class=\"elementor-divider-separator\">\n\t\t\t\t\t\t<\/span>\n\t\t<\/div>\n\t\t\t\t\t\t<\/div>\n\t\t\t\t<\/div>\n\t\t\t\t\t<\/div>\n\t\t<\/div>\n\t\t\t\t<div class=\"elementor-column elementor-col-50 elementor-inner-column elementor-element elementor-element-695ee021\" data-id=\"695ee021\" data-element_type=\"column\" data-e-type=\"column\" data-settings=\"{&quot;background_background&quot;:&quot;classic&quot;}\">\n\t\t\t<div class=\"elementor-widget-wrap elementor-element-populated\">\n\t\t\t\t\t\t<div class=\"elementor-element elementor-element-261b5a32 elementor-widget elementor-widget-heading\" data-id=\"261b5a32\" data-element_type=\"widget\" data-e-type=\"widget\" data-widget_type=\"heading.default\">\n\t\t\t\t<div class=\"elementor-widget-container\">\n\t\t\t\t\t<h5 class=\"elementor-heading-title elementor-size-default\">K\u00e9rd\u00e9se van?<\/h5>\t\t\t\t<\/div>\n\t\t\t\t<\/div>\n\t\t\t\t<div class=\"elementor-element elementor-element-44eb9ee5 elementor-widget elementor-widget-text-editor\" data-id=\"44eb9ee5\" data-element_type=\"widget\" data-e-type=\"widget\" data-widget_type=\"text-editor.default\">\n\t\t\t\t<div class=\"elementor-widget-container\">\n\t\t\t\t\t\t\t\t\tVegye fel vel\u00fcnk a kapcsolatot, ha szeretne t\u00f6bbet megtudni a lak\u00f3parkkal, vagy a lak\u00e1sokkal kapcsolatban!\t\t\t\t\t\t\t\t<\/div>\n\t\t\t\t<\/div>\n\t\t\t\t<div class=\"elementor-element elementor-element-b27cc55 fluentform-widget-submit-button-full-width fluent-form-widget-step-header-yes fluent-form-widget-step-progressbar-yes elementor-widget elementor-widget-fluent-form-widget\" data-id=\"b27cc55\" data-element_type=\"widget\" data-e-type=\"widget\" data-widget_type=\"fluent-form-widget.default\">\n\t\t\t\t<div class=\"elementor-widget-container\">\n\t\t\t\t\t\n            <div class=\"fluentform-widget-wrapper fluentform-widget-custom-radio-checkbox fluentform-widget-align-center\">\n\n            \n            <div class='fluentform ff-default fluentform_wrapper_3 ffs_default_wrap'><form data-form_id=\"3\" id=\"fluentform_3\" class=\"frm-fluent-form fluent_form_3 ff-el-form-top ff_form_instance_3_1 ff-form-loading ffs_default\" data-form_instance=\"ff_form_instance_3_1\" method=\"POST\" ><fieldset  style=\"border: none!important;margin: 0!important;padding: 0!important;background-color: transparent!important;box-shadow: none!important;outline: none!important; min-inline-size: 100%;\">\n                    <legend class=\"ff_screen_reader_title\" style=\"display: block; margin: 0!important;padding: 0!important;height: 0!important;text-indent: -999999px;width: 0!important;overflow:hidden;\">Kapcsolati (#3)<\/legend><input type='hidden' name='__fluent_form_embded_post_id' value='2116' \/><input type=\"hidden\" id=\"_fluentform_3_fluentformnonce\" name=\"_fluentform_3_fluentformnonce\" value=\"2f62d7c569\" \/><input type=\"hidden\" name=\"_wp_http_referer\" value=\"\/hu_hu\/wp-json\/wp\/v2\/pages\/2116\" \/><div data-type=\"name-element\" data-name=\"names\" class=\" ff-field_container ff-name-field-wrapper\" ><div class='ff-t-container'><div class='ff-t-cell '><div class='ff-el-group'><div class='ff-el-input--content'><input type=\"text\" name=\"names[middle_name]\" id=\"ff_3_names_middle_name_\" class=\"ff-el-form-control\" placeholder=\"N\u00e9v:\" aria-invalid=\"false\" aria-required=true><\/div><\/div><\/div><\/div><\/div><div class='ff-el-group'><div class='ff-el-input--content'><input type=\"email\" name=\"email\" id=\"ff_3_email\" class=\"ff-el-form-control\" placeholder=\"Email: *\" data-name=\"email\"  aria-invalid=\"false\" aria-required=true><\/div><\/div><div class='ff-el-group'><div class='ff-el-input--content'><input name=\"phone\" class=\"ff-el-form-control ff-el-phone\" type=\"tel\" placeholder=\"Telefonsz\u00e1m: *\" data-name=\"phone\" id=\"ff_3_phone\" inputmode=\"tel\"  aria-invalid='false' aria-required=true><\/div><\/div><div class='ff-el-group'><div class='ff-el-input--content'><textarea aria-required=\"false\" aria-labelledby=\"label_ff_3_message\" name=\"message\" id=\"ff_3_message\" class=\"ff-el-form-control\" placeholder=\"Kedves Hirdet\u0151! Szeretn\u00e9k b\u0151vebb t\u00e1j\u00e9koztat\u00e1st k\u00e9rni a lak\u00f3parkok ingatlanjaival kapcsolatban.\" rows=\"4\" cols=\"2\" data-name=\"message\" ><\/textarea><\/div><\/div><div class='ff-el-group    ff-el-input--content'><div class='ff-el-form-check ff-el-tc'><label aria-label='Terms and Conditions: Az\u00a0Adatv\u00e9delmi ir\u00e1nyelveket\u00a0elolvastam \u00e9s elfogadom! Contains 1 link. Use tab navigation to review.' class='ff-el-form-check-label ff_tc_label' for=terms-n-condition_753a19b1f06e415680f315fdb2104166><span class='ff_tc_checkbox'><input type=\"checkbox\" name=\"terms-n-condition\" class=\"ff-el-form-check-input\" data-name=\"terms-n-condition\" id=\"terms-n-condition_753a19b1f06e415680f315fdb2104166\"  value='on' aria-invalid='false' aria-required=false><\/span> <div class='ff_t_c'><p>Az\u00a0<a href=\"https:\/\/nestbau.hu\/hu_hu\/adatvedelem\/\">Adatv\u00e9delmi ir\u00e1nyelveket<\/a>\u00a0elolvastam \u00e9s elfogadom!<\/p><\/div><\/label><\/div><\/div><div class='ff-el-group    ff-el-input--content'><div class='ff-el-form-check ff-el-tc'><label aria-label='A checkbox kipip\u00e1l\u00e1s\u00e1val - az Eur\u00f3pai Parlament \u00e9s a Tan\u00e1cs (EU) 2016\/679 sz\u00e1m\u00fa rendelet\u00e9nek (a tov\u00e1bbiakban: \u201eGDPR\u201d) 6. cikk (1) bekezd\u00e9s a) pontja, tov\u00e1bb\u00e1 a 7. cikk rendelkez\u00e9se alapj\u00e1n - hozz\u00e1j\u00e1rulok, hogy a Nest Bau Kft. most megadott szem\u00e9lyes adataimat a GDPR, tov\u00e1bb\u00e1 a weboldalon elhelyezett adatkezel\u00e9si t\u00e1j\u00e9koztat\u00f3j\u00e1nak felt\u00e9telei szerint kezelje. Tudom\u00e1sul veszem, hogy a GDPR 7. cikk (3) bekezd\u00e9se szerint a hozz\u00e1j\u00e1rul\u00e1somat b\u00e1rmikor visszavonhatom.' class='ff-el-form-check-label ff_tc_label' for=terms-n-condition_1_09444a57f04ccb8ba9f2c2ec38275d81><span class='ff_tc_checkbox'><input type=\"checkbox\" name=\"terms-n-condition_1\" class=\"ff-el-form-check-input\" data-name=\"terms-n-condition_1\" id=\"terms-n-condition_1_09444a57f04ccb8ba9f2c2ec38275d81\"  value='on' aria-invalid='false' aria-required=false><\/span> <div class='ff_t_c'>A checkbox kipip\u00e1l\u00e1s\u00e1val - az Eur\u00f3pai Parlament \u00e9s a Tan\u00e1cs (EU) 2016\/679 sz\u00e1m\u00fa rendelet\u00e9nek (a tov\u00e1bbiakban: \u201eGDPR\u201d) 6. cikk (1) bekezd\u00e9s a) pontja, tov\u00e1bb\u00e1 a 7. cikk rendelkez\u00e9se alapj\u00e1n - hozz\u00e1j\u00e1rulok, hogy a Nest Bau Kft. most megadott szem\u00e9lyes adataimat a GDPR, tov\u00e1bb\u00e1 a weboldalon elhelyezett adatkezel\u00e9si t\u00e1j\u00e9koztat\u00f3j\u00e1nak felt\u00e9telei szerint kezelje. Tudom\u00e1sul veszem, hogy a GDPR 7. cikk (3) bekezd\u00e9se szerint a hozz\u00e1j\u00e1rul\u00e1somat b\u00e1rmikor visszavonhatom.<\/div><\/label><\/div><\/div><div class='ff-el-group ' ><div class='ff-el-input--content'><div data-fluent_id='3' name='g-recaptcha-response'><div\n\t\tdata-sitekey='6LcE3-gkAAAAALEUb7xTWN-JT1RdulHk1jHtCv9f'\n\t\tid='fluentform-recaptcha-3-1'\n\t\tclass='ff-el-recaptcha g-recaptcha'\n\t\tdata-callback='fluentFormrecaptchaSuccessCallback'><\/div><\/div><\/div><\/div><div class='ff-el-group ff-text-left ff_submit_btn_wrapper'><button type=\"submit\" class=\"ff-btn ff-btn-submit ff-btn-md ff_btn_style\"  aria-label=\"K\u00fcld\u00e9s\">K\u00fcld\u00e9s<\/button><\/div><\/fieldset><\/form><div id='fluentform_3_errors' class='ff-errors-in-stack ff_form_instance_3_1 ff-form-loading_errors ff_form_instance_3_1_errors'><\/div><\/div>            <script type=\"text\/javascript\">\n                window.fluent_form_ff_form_instance_3_1 = {\"id\":\"3\",\"ajaxUrl\":\"https:\\\/\\\/nestbau.hu\\\/wp-admin\\\/admin-ajax.php\",\"settings\":{\"layout\":{\"labelPlacement\":\"top\",\"helpMessagePlacement\":\"with_label\",\"errorMessagePlacement\":\"inline\",\"cssClassName\":\"\",\"asteriskPlacement\":\"asterisk-right\"},\"restrictions\":{\"denyEmptySubmission\":{\"enabled\":false}}},\"form_instance\":\"ff_form_instance_3_1\",\"form_id_selector\":\"fluentform_3\",\"rules\":{\"names[first_name]\":{\"required\":{\"value\":false,\"message\":\"This field is required\"}},\"names[middle_name]\":{\"required\":{\"value\":true,\"message\":\"K\\u00e9rem adja meg a hi\\u00e1nyz\\u00f3 adatot!\"}},\"names[last_name]\":{\"required\":{\"value\":false,\"message\":\"This field is required\"}},\"email\":{\"required\":{\"value\":true,\"message\":\"K\\u00e9rem adja meg a hi\\u00e1nyz\\u00f3 adatot!\"},\"email\":{\"value\":true,\"message\":\"Nem megfelel\\u0151 form\\u00e1tum!\"}},\"phone\":{\"required\":{\"value\":true,\"message\":\"K\\u00e9rem adja meg a telefonsz\\u00e1m\\u00e1t, hogy vissza h\\u00edvhasuk!\"},\"valid_phone_number\":{\"value\":false,\"message\":\"Phone number is not valid\"}},\"message\":{\"required\":{\"value\":false,\"message\":\"K\\u00e9rem adja meg a hi\\u00e1nyz\\u00f3 adatot!\"}},\"terms-n-condition\":{\"required\":{\"value\":false,\"message\":\"This field is required\"}},\"terms-n-condition_1\":{\"required\":{\"value\":false,\"message\":\"This field is required\"}},\"g-recaptcha-response\":[]},\"debounce_time\":300};\n                            <\/script>\n                        <\/div>\n\n            \t\t\t\t<\/div>\n\t\t\t\t<\/div>\n\t\t\t\t\t<\/div>\n\t\t<\/div>\n\t\t\t\t\t<\/div>\n\t\t<\/section>\n\t\t\t\t\t<\/div>\n\t\t<\/div>\n\t\t\t\t\t<\/div>\n\t\t<\/section>\n\t\t\t\t<\/div>\n\t\t","protected":false},"excerpt":{"rendered":"<p>1457\/10 Telek ter\u00fclet: 1042 m2 H\u00e1z hasznos alapter\u00fclet 162,7 m2 Terasz: 36.8 m2 T\u00e9r burkolat: 50 m2 E1 F\u00d6LDSZINTI ALAPRAJZ E2 A-A METSZET E3 B-B METSZET E4 C-C METSZET E5 \u00c9SZAKI HOMLOKZAT E5 HIRDETM\u00c9NYI \u00c9SZAKI HOMLOKZAT E6 HIRDETM\u00c9NYI NYUGATI HOMLOKZAT E6 NYUGATI HOMLOKZAT E7 D\u00c9LI HOMLOKZAT E7 HIRDETM\u00c9NYI D\u00c9LI HOMLOKZAT E8 HIRDETM\u00c9NYI KELETI HOMLOKZAT E8 [&hellip;]<\/p>\n","protected":false},"author":1,"featured_media":1526,"parent":1318,"menu_order":0,"comment_status":"closed","ping_status":"closed","template":"elementor_canvas","meta":{"_seopress_robots_primary_cat":"","_seopress_titles_title":"","_seopress_titles_desc":"","_seopress_robots_index":"","footnotes":""},"class_list":["post-2116","page","type-page","status-publish","has-post-thumbnail","hentry"],"_links":{"self":[{"href":"https:\/\/nestbau.hu\/hu_hu\/wp-json\/wp\/v2\/pages\/2116","targetHints":{"allow":["GET"]}}],"collection":[{"href":"https:\/\/nestbau.hu\/hu_hu\/wp-json\/wp\/v2\/pages"}],"about":[{"href":"https:\/\/nestbau.hu\/hu_hu\/wp-json\/wp\/v2\/types\/page"}],"author":[{"embeddable":true,"href":"https:\/\/nestbau.hu\/hu_hu\/wp-json\/wp\/v2\/users\/1"}],"replies":[{"embeddable":true,"href":"https:\/\/nestbau.hu\/hu_hu\/wp-json\/wp\/v2\/comments?post=2116"}],"version-history":[{"count":7,"href":"https:\/\/nestbau.hu\/hu_hu\/wp-json\/wp\/v2\/pages\/2116\/revisions"}],"predecessor-version":[{"id":2140,"href":"https:\/\/nestbau.hu\/hu_hu\/wp-json\/wp\/v2\/pages\/2116\/revisions\/2140"}],"up":[{"embeddable":true,"href":"https:\/\/nestbau.hu\/hu_hu\/wp-json\/wp\/v2\/pages\/1318"}],"wp:featuredmedia":[{"embeddable":true,"href":"https:\/\/nestbau.hu\/hu_hu\/wp-json\/wp\/v2\/media\/1526"}],"wp:attachment":[{"href":"https:\/\/nestbau.hu\/hu_hu\/wp-json\/wp\/v2\/media?parent=2116"}],"curies":[{"name":"wp","href":"https:\/\/api.w.org\/{rel}","templated":true}]}}